{"id":213,"date":"2025-09-20T07:38:29","date_gmt":"2025-09-20T07:38:29","guid":{"rendered":"https:\/\/suomistory-2025.fi\/?page_id=213"},"modified":"2025-11-22T11:37:49","modified_gmt":"2025-11-22T11:37:49","slug":"isanmaamme-asioista","status":"publish","type":"page","link":"https:\/\/suomistory-2025.fi\/index.php\/isanmaamme-asioista\/","title":{"rendered":"Is\u00e4nmaa  &amp;  ihmiset"},"content":{"rendered":"\n<h2 class=\"wp-block-heading\"><mark style=\"background-color:rgba(0, 0, 0, 0)\" class=\"has-inline-color has-bright-blue-color\"><strong>SuomiStory \u2013 <\/strong>Sanoja &amp; s\u00e4veli\u00e4<\/mark><\/h2>\n\n\n\n<p>Kirjan kirjoittaja on k\u00e4sitellyt is\u00e4nmaamme Suomen n\u00e4kymi\u00e4 useissa aiemmissa kirjoissa:<\/p>\n\n\n\n<ul class=\"wp-block-list\">\n<li>Onko Suomineidolla toivoa (1993)<\/li>\n\n\n\n<li>Findiastory-the end (1998)<\/li>\n\n\n\n<li>Suomen tie (2001)<\/li>\n\n\n\n<li>Sorrettujen ja sortajien Suomi (2006)<\/li>\n\n\n\n<li>Suomi99 &#8211; Mit\u00e4 edess\u00e4? (2017)<\/li>\n\n\n\n<li>Potilas (2024) (Kirjassa luku: Onko Suomineitokin potilas?)<\/li>\n\n\n\n<li>Kirja 3. kolmas maailmansota \u2013 kyll\u00e4 vai ei? (2020) ( sis\u00e4lt\u00e4\u00e4 teksti\u00e4 kansan sotahistoriasta, sivut 16-45)<\/li>\n\n\n\n<li>Kirjassa Kotiapulainen (2016) kuvauksia 1950-1960-luvuilta silloisista yhteiskunnan n\u00e4kymist\u00e4.<\/li>\n<\/ul>\n\n\n\n<p><strong>Muita julkaistuja kirjoja vuodesta 1980 alkaen.Finna kansalliskirjasto \/ Maijaliisa Hiekkanen<\/strong><\/p>\n\n\n\n<p><a href=\"https:\/\/kansalliskirjasto.finna.fi\/AuthorityRecord\/melinda.(FI-ASTERI-N)000044021\">https:\/\/kansalliskirjasto.finna.fi\/AuthorityRecord\/melinda.(FI-ASTERI-N)000044021<\/a><\/p>\n\n\n\n<p><\/p>\n\n\n\n<p><\/p>\n\n\n\n<p><\/p>\n","protected":false},"excerpt":{"rendered":"<p>SuomiStory \u2013 Sanoja &amp; s\u00e4veli\u00e4 Kirjan kirjoittaja on k\u00e4sitellyt is\u00e4nmaamme Suomen n\u00e4kymi\u00e4 useissa aiemmissa kirjoissa: Muita julkaistuja kirjoja vuodesta 1980 alkaen.Finna kansalliskirjasto \/ Maijaliisa Hiekkanen https:\/\/kansalliskirjasto.finna.fi\/AuthorityRecord\/melinda.(FI-ASTERI-N)000044021<\/p>\n","protected":false},"author":1,"featured_media":0,"parent":0,"menu_order":0,"comment_status":"open","ping_status":"closed","template":"","meta":{"footnotes":""},"class_list":["post-213","page","type-page","status-publish","hentry"],"_links":{"self":[{"href":"https:\/\/suomistory-2025.fi\/index.php\/wp-json\/wp\/v2\/pages\/213","targetHints":{"allow":["GET"]}}],"collection":[{"href":"https:\/\/suomistory-2025.fi\/index.php\/wp-json\/wp\/v2\/pages"}],"about":[{"href":"https:\/\/suomistory-2025.fi\/index.php\/wp-json\/wp\/v2\/types\/page"}],"author":[{"embeddable":true,"href":"https:\/\/suomistory-2025.fi\/index.php\/wp-json\/wp\/v2\/users\/1"}],"replies":[{"embeddable":true,"href":"https:\/\/suomistory-2025.fi\/index.php\/wp-json\/wp\/v2\/comments?post=213"}],"version-history":[{"count":3,"href":"https:\/\/suomistory-2025.fi\/index.php\/wp-json\/wp\/v2\/pages\/213\/revisions"}],"predecessor-version":[{"id":297,"href":"https:\/\/suomistory-2025.fi\/index.php\/wp-json\/wp\/v2\/pages\/213\/revisions\/297"}],"wp:attachment":[{"href":"https:\/\/suomistory-2025.fi\/index.php\/wp-json\/wp\/v2\/media?parent=213"}],"curies":[{"name":"wp","href":"https:\/\/api.w.org\/{rel}","templated":true}]}}